{"id":4306,"date":"2019-10-03T14:07:15","date_gmt":"2019-10-03T12:07:15","guid":{"rendered":"http:\/\/indmontdfq.cluster028.hosting.ovh.net\/impressum\/"},"modified":"2022-08-23T18:59:00","modified_gmt":"2022-08-23T16:59:00","slug":"imprint","status":"publish","type":"page","link":"https:\/\/indmont.com\/en\/imprint\/","title":{"rendered":"Imprint"},"content":{"rendered":"<div class=\"fusion-fullwidth fullwidth-box fusion-builder-row-1 nonhundred-percent-fullwidth non-hundred-percent-height-scrolling\" style=\"--awb-border-radius-top-left:0px;--awb-border-radius-top-right:0px;--awb-border-radius-bottom-right:0px;--awb-border-radius-bottom-left:0px;--awb-flex-wrap:wrap;\" ><div class=\"fusion-builder-row fusion-row\"><div class=\"fusion-layout-column fusion_builder_column fusion-builder-column-0 fusion_builder_column_1_1 1_1 fusion-one-full fusion-column-first fusion-column-last\" style=\"--awb-bg-size:cover;\"><div class=\"fusion-column-wrapper fusion-column-has-shadow fusion-flex-column-wrapper-legacy\"><div class=\"fusion-text fusion-text-1\"><h1>Site Notice<\/h1>\n<h2>Information pursuant to \u00a7 5 TMG<\/h2>\n<p class=\"bodytext\">INDMONT Sp\u00f3\u0142ka z ograniczon\u0105 odpowiedzialno\u015bci\u0105 Sp\u00f3\u0142ka Komandytowa<br \/>\nul. Na Barciach 6<br \/>\n31-423 Krak\u00f3w<br \/>\nPolska<\/p>\n<p><strong>Represented by:<\/strong><br \/>\nJacek Mastek (address same as above)<\/p>\n<h2 class=\"fusion-responsive-typography-calculated\" data-fontsize=\"24\" data-lineheight=\"28.799999237060547px\">Contact<\/h2>\n<p>Phone: +48 12 6425305<br \/>\nFax: +48 12 6425307<br \/>\nE-mail : <a href=\"mailto:info@indmont.com\">info@indmont.com<\/a><\/p>\n<h2>VAT ID<\/h2>\n<p>Sales tax identification number according to Sect. 27 a of the Sales Tax Law:<br \/>\nPL 9452156805<\/p>\n<h2>Registration office :<\/h2>\n<p>Krak\u00f3w<br \/>\n<strong>Registration number (National Court Register \/ KRS) :<\/strong> 0000382005<\/p>\n<h2>EU dispute resolution<\/h2>\n<p>The European Commission provides a platform for online dispute resolution (ODR): <a href=\"https:\/\/ec.europa.eu\/consumers\/odr\/\" target=\"_blank\" rel=\"noopener noreferrer\">https:\/\/ec.europa.eu\/consumers\/odr\/<\/a>.<br \/>\nOur e-mail address can be found above in the site notice.<\/p>\n<h2>Dispute resolution proceedings in front of a consumer arbitration board<\/h2>\n<p>We are not willing or obliged to participate in dispute resolution proceedings in front of a consumer arbitration board.<\/p>\n<h3 class=\"bodytext fusion-responsive-typography-calculated\" data-fontsize=\"22\" data-lineheight=\"26.399999618530273px\">Disclaimer:<\/h3>\n<p>Despite a careful review of the content, we will not be liable for the content of external links. The operators of the external links are solely liable for the content of the linked pages.<\/p>\n<h3>Privacy:<\/h3>\n<p class=\"bodytext\">Of course, any of your data transferred via the contact form or e-mail are treated confidential and will not be forwarded to a third party. This applies, in particular, to your e-mail address that we use only to communicate with you.<\/p>\n<h3>Copyright<\/h3>\n<p>The design and the content of this website are protected by copyright. Any other use, even in parts, requires our express consent. INDMONT has the copyright for the photos used.<\/p>\n<h3>Photo credits<\/h3>\n<p>More Copyright Photos: <a href=\"https:\/\/de.fotolia.com\/\" target=\"_blank\" rel=\"noopener noreferrer\">www.fotolia.de<\/a><br \/>\nGl\u00e4nzender Metall Hintergrund, Urheber:\u00a0<a title=\"Das komplette Portfolio von Thaut Images ansehen\" href=\"https:\/\/stock.adobe.com\/de\/contributor\/103032\/thaut-images\" target=\"_blank\" rel=\"noopener noreferrer\">Thaut Images<\/a><br \/>\nMaintenance engineer, Urheber:\u00a0<a title=\"Das komplette Portfolio von corepics ansehen\" href=\"https:\/\/stock.adobe.com\/de\/contributor\/200971245\/corepics\" target=\"_blank\" rel=\"noopener noreferrer\">corepics<\/a><br \/>\nWelder in a factory, Urheber:\u00a0<a title=\"Das komplette Portfolio von Sasint ansehen\" href=\"https:\/\/stock.adobe.com\/de\/contributor\/203469970\/sasint\" target=\"_blank\" rel=\"noopener noreferrer\">Sasint<\/a><br \/>\nRohrleitungen in einer modernen Industrieanlage, Urheber:\u00a0<a title=\"Das komplette Portfolio von industrieblick ansehen\" href=\"https:\/\/stock.adobe.com\/de\/contributor\/201206918\/industrieblick\" target=\"_blank\" rel=\"noopener noreferrer\">industrieblick<\/a><br \/>\nWorker and forklift driver in industrial factory, Urheber:\u00a0<a title=\"Das komplette Portfolio von Kzenon ansehen\" href=\"https:\/\/stock.adobe.com\/de\/contributor\/200443522\/kzenon\" target=\"_blank\" rel=\"noopener noreferrer\">Kzenon<\/a><br \/>\nIndustrial worker in factory grinding metal, Urheber:\u00a0<a title=\"Das komplette Portfolio von Kzenon ansehen\" href=\"https:\/\/stock.adobe.com\/de\/contributor\/200443522\/kzenon\" target=\"_blank\" rel=\"noopener noreferrer\">Kzenon<\/a><br \/>\nIndustriegebiet, Urheber: <a href=\"https:\/\/stock.adobe.com\/de\/contributor\/201189244\/4th-life-photography\" target=\"_blank\" rel=\"noopener\">4th Life Photography<\/a><br \/>\noil and gas refinery, two workers in foreground, Urheber:\u00a0<a title=\"Das komplette Portfolio von christian42 ansehen\" href=\"https:\/\/stock.adobe.com\/de\/contributor\/211455\/christian42\" target=\"_blank\" rel=\"noopener noreferrer\">christian42<\/a><br \/>\nindustrial workers in mechanical engineering, Urheber:\u00a0<a title=\"Das komplette Portfolio von industrieblick ansehen\" href=\"https:\/\/stock.adobe.com\/de\/contributor\/201206918\/industrieblick\" target=\"_blank\" rel=\"noopener noreferrer\">industrieblick<\/a><br \/>\nChemiefabrik \u2013 Industrieanlage Raffinerie mit Rohrleitungssystem, Urheber:\u00a0<a title=\"Das komplette Portfolio von industrieblick ansehen\" href=\"https:\/\/stock.adobe.com\/de\/contributor\/201206918\/industrieblick\" target=\"_blank\" rel=\"noopener noreferrer\">industrieblick<\/a><br \/>\nconstruction workers shaking hands:\u00a0<a class=\"spectrum-Link\" href=\"https:\/\/stock.adobe.com\/de\/images\/construction-workers-shaking-hands\/178038501\" target=\"_blank\" rel=\"noopener noreferrer\" data-t=\"license-history-table-row-content-link-znuzu3xlv516rGuJAV3ycGEBfYqD1yAr\">#178038501<\/a>, <a href=\"https:\/\/stock.adobe.com\/de\/images\/construction-workers-shaking-hands\/178038501\" target=\"_blank\" rel=\"noopener\">stock@adobe.com\u00a0LIGHTFIELD STUDIOS<\/a><br \/>\n<span class=\"grey dove-text\">Construction worker wearing safety harness and safety line working on construction: <\/span><a href=\"https:\/\/stock.adobe.com\/de\/images\/construction-worker-wearing-safety-harness-and-safety-line-working-on-construction\/206934917\" target=\"_blank\" rel=\"noopener\">stock@adobe.com<\/a> weerasak, <a class=\"spectrum-Link\" href=\"https:\/\/stock.adobe.com\/de\/images\/construction-worker-wearing-safety-harness-and-safety-line-working-on-construction\/206934917\" target=\"_blank\" rel=\"noopener noreferrer\" data-t=\"license-history-table-row-content-link-nsZfUK5O7NI5X1BVswnUsBWnj5oepb3T\">#206934917<\/a><br \/>\nMore Copyright Photos: <a href=\"https:\/\/stock.adobe.com\/\" target=\"_blank\" rel=\"noopener noreferrer\">stock.adobe.com <\/a><a href=\"https:\/\/stock.adobe.com\/de\/images\/engineer-survey-of-oil-refiner\/138667175\" target=\"_blank\" rel=\"noopener noreferrer\">\u00a9 fotoslaz<\/a>, <a href=\"https:\/\/stock.adobe.com\/de\/images\/construction-workers-shaking-hands\/178038501\" target=\"_blank\" rel=\"noopener noreferrer\">\u00a9 LIGHTFIELD STUDIOS,<\/a><a href=\"https:\/\/stock.adobe.com\/de\/images\/construction-worker-wearing-safety-harness-and-safety-line-working-on-construction\/206934917\" target=\"_blank\" rel=\"noopener noreferrer\">\u00a9 weerasak<\/a><\/p>\n<h3>Konzept, Webdesign, Online-Marketing:<\/h3>\n<p><a href=\"https:\/\/mv-onliners.de\/\" target=\"_blank\" rel=\"noopener noreferrer\">MV Onliners Felden &amp; Gro\u00df GbR, Dillingen\/Saar<\/a><\/p>\n<\/div><div class=\"fusion-clearfix\"><\/div><\/div><\/div><\/div><\/div>\n","protected":false},"excerpt":{"rendered":"","protected":false},"author":1,"featured_media":0,"parent":0,"menu_order":0,"comment_status":"closed","ping_status":"closed","template":"","meta":{"footnotes":""},"class_list":["post-4306","page","type-page","status-publish","hentry"],"yoast_head":"<!-- This site is optimized with the Yoast SEO plugin v27.3 - https:\/\/yoast.com\/product\/yoast-seo-wordpress\/ -->\n<title>Imprint - Indmont - Polen<\/title>\n<meta name=\"robots\" content=\"index, follow, max-snippet:-1, max-image-preview:large, max-video-preview:-1\" \/>\n<link rel=\"canonical\" href=\"https:\/\/indmont.com\/en\/imprint\/\" \/>\n<meta property=\"og:locale\" content=\"en_US\" \/>\n<meta property=\"og:type\" content=\"article\" \/>\n<meta property=\"og:title\" content=\"Imprint - Indmont - Polen\" \/>\n<meta property=\"og:url\" content=\"https:\/\/indmont.com\/en\/imprint\/\" \/>\n<meta property=\"og:site_name\" content=\"Indmont - Polen\" \/>\n<meta property=\"article:modified_time\" content=\"2022-08-23T16:59:00+00:00\" \/>\n<meta property=\"og:image\" content=\"https:\/\/indmont.com\/wp-content\/uploads\/2019\/11\/montage-leistungen-indmont.jpg\" \/>\n\t<meta property=\"og:image:width\" content=\"1000\" \/>\n\t<meta property=\"og:image:height\" content=\"561\" \/>\n\t<meta property=\"og:image:type\" content=\"image\/jpeg\" \/>\n<meta name=\"twitter:card\" content=\"summary_large_image\" \/>\n<script type=\"application\/ld+json\" class=\"yoast-schema-graph\">{\"@context\":\"https:\\\/\\\/schema.org\",\"@graph\":[{\"@type\":\"WebPage\",\"@id\":\"https:\\\/\\\/indmont.com\\\/en\\\/imprint\\\/\",\"url\":\"https:\\\/\\\/indmont.com\\\/en\\\/imprint\\\/\",\"name\":\"Imprint - Indmont - Polen\",\"isPartOf\":{\"@id\":\"https:\\\/\\\/indmont.com\\\/en\\\/#website\"},\"datePublished\":\"2019-10-03T12:07:15+00:00\",\"dateModified\":\"2022-08-23T16:59:00+00:00\",\"breadcrumb\":{\"@id\":\"https:\\\/\\\/indmont.com\\\/en\\\/imprint\\\/#breadcrumb\"},\"inLanguage\":\"en-US\",\"potentialAction\":[{\"@type\":\"ReadAction\",\"target\":[\"https:\\\/\\\/indmont.com\\\/en\\\/imprint\\\/\"]}]},{\"@type\":\"BreadcrumbList\",\"@id\":\"https:\\\/\\\/indmont.com\\\/en\\\/imprint\\\/#breadcrumb\",\"itemListElement\":[{\"@type\":\"ListItem\",\"position\":1,\"name\":\"Startseite\",\"item\":\"https:\\\/\\\/indmont.com\\\/en\\\/\"},{\"@type\":\"ListItem\",\"position\":2,\"name\":\"Imprint\"}]},{\"@type\":\"WebSite\",\"@id\":\"https:\\\/\\\/indmont.com\\\/en\\\/#website\",\"url\":\"https:\\\/\\\/indmont.com\\\/en\\\/\",\"name\":\"IndMont Sp. z o.o. Sp\u00f3\u0142ka Komandytowa\",\"description\":\"\",\"publisher\":{\"@id\":\"https:\\\/\\\/indmont.com\\\/en\\\/#organization\"},\"alternateName\":\"IndMont Sp. z o.o. Sp\u00f3\u0142ka Komandytowa\",\"potentialAction\":[{\"@type\":\"SearchAction\",\"target\":{\"@type\":\"EntryPoint\",\"urlTemplate\":\"https:\\\/\\\/indmont.com\\\/en\\\/?s={search_term_string}\"},\"query-input\":{\"@type\":\"PropertyValueSpecification\",\"valueRequired\":true,\"valueName\":\"search_term_string\"}}],\"inLanguage\":\"en-US\"},{\"@type\":\"Organization\",\"@id\":\"https:\\\/\\\/indmont.com\\\/en\\\/#organization\",\"name\":\"IndMont Sp. z o.o. Sp\u00f3\u0142ka Komandytowa\",\"alternateName\":\"IndMont Sp. z o.o. Sp\u00f3\u0142ka Komandytowa\",\"url\":\"https:\\\/\\\/indmont.com\\\/en\\\/\",\"logo\":{\"@type\":\"ImageObject\",\"inLanguage\":\"en-US\",\"@id\":\"https:\\\/\\\/indmont.com\\\/en\\\/#\\\/schema\\\/logo\\\/image\\\/\",\"url\":\"https:\\\/\\\/indmont.com\\\/wp-content\\\/uploads\\\/2021\\\/07\\\/monteur-stahlbau.jpg\",\"contentUrl\":\"https:\\\/\\\/indmont.com\\\/wp-content\\\/uploads\\\/2021\\\/07\\\/monteur-stahlbau.jpg\",\"width\":750,\"height\":741,\"caption\":\"IndMont Sp. z o.o. Sp\u00f3\u0142ka Komandytowa\"},\"image\":{\"@id\":\"https:\\\/\\\/indmont.com\\\/en\\\/#\\\/schema\\\/logo\\\/image\\\/\"}}]}<\/script>\n<!-- \/ Yoast SEO plugin. -->","yoast_head_json":{"title":"Imprint - Indmont - Polen","robots":{"index":"index","follow":"follow","max-snippet":"max-snippet:-1","max-image-preview":"max-image-preview:large","max-video-preview":"max-video-preview:-1"},"canonical":"https:\/\/indmont.com\/en\/imprint\/","og_locale":"en_US","og_type":"article","og_title":"Imprint - Indmont - Polen","og_url":"https:\/\/indmont.com\/en\/imprint\/","og_site_name":"Indmont - Polen","article_modified_time":"2022-08-23T16:59:00+00:00","og_image":[{"width":1000,"height":561,"url":"https:\/\/indmont.com\/wp-content\/uploads\/2019\/11\/montage-leistungen-indmont.jpg","type":"image\/jpeg"}],"twitter_card":"summary_large_image","schema":{"@context":"https:\/\/schema.org","@graph":[{"@type":"WebPage","@id":"https:\/\/indmont.com\/en\/imprint\/","url":"https:\/\/indmont.com\/en\/imprint\/","name":"Imprint - Indmont - Polen","isPartOf":{"@id":"https:\/\/indmont.com\/en\/#website"},"datePublished":"2019-10-03T12:07:15+00:00","dateModified":"2022-08-23T16:59:00+00:00","breadcrumb":{"@id":"https:\/\/indmont.com\/en\/imprint\/#breadcrumb"},"inLanguage":"en-US","potentialAction":[{"@type":"ReadAction","target":["https:\/\/indmont.com\/en\/imprint\/"]}]},{"@type":"BreadcrumbList","@id":"https:\/\/indmont.com\/en\/imprint\/#breadcrumb","itemListElement":[{"@type":"ListItem","position":1,"name":"Startseite","item":"https:\/\/indmont.com\/en\/"},{"@type":"ListItem","position":2,"name":"Imprint"}]},{"@type":"WebSite","@id":"https:\/\/indmont.com\/en\/#website","url":"https:\/\/indmont.com\/en\/","name":"IndMont Sp. z o.o. Sp\u00f3\u0142ka Komandytowa","description":"","publisher":{"@id":"https:\/\/indmont.com\/en\/#organization"},"alternateName":"IndMont Sp. z o.o. Sp\u00f3\u0142ka Komandytowa","potentialAction":[{"@type":"SearchAction","target":{"@type":"EntryPoint","urlTemplate":"https:\/\/indmont.com\/en\/?s={search_term_string}"},"query-input":{"@type":"PropertyValueSpecification","valueRequired":true,"valueName":"search_term_string"}}],"inLanguage":"en-US"},{"@type":"Organization","@id":"https:\/\/indmont.com\/en\/#organization","name":"IndMont Sp. z o.o. Sp\u00f3\u0142ka Komandytowa","alternateName":"IndMont Sp. z o.o. Sp\u00f3\u0142ka Komandytowa","url":"https:\/\/indmont.com\/en\/","logo":{"@type":"ImageObject","inLanguage":"en-US","@id":"https:\/\/indmont.com\/en\/#\/schema\/logo\/image\/","url":"https:\/\/indmont.com\/wp-content\/uploads\/2021\/07\/monteur-stahlbau.jpg","contentUrl":"https:\/\/indmont.com\/wp-content\/uploads\/2021\/07\/monteur-stahlbau.jpg","width":750,"height":741,"caption":"IndMont Sp. z o.o. Sp\u00f3\u0142ka Komandytowa"},"image":{"@id":"https:\/\/indmont.com\/en\/#\/schema\/logo\/image\/"}}]}},"_links":{"self":[{"href":"https:\/\/indmont.com\/en\/wp-json\/wp\/v2\/pages\/4306","targetHints":{"allow":["GET"]}}],"collection":[{"href":"https:\/\/indmont.com\/en\/wp-json\/wp\/v2\/pages"}],"about":[{"href":"https:\/\/indmont.com\/en\/wp-json\/wp\/v2\/types\/page"}],"author":[{"embeddable":true,"href":"https:\/\/indmont.com\/en\/wp-json\/wp\/v2\/users\/1"}],"replies":[{"embeddable":true,"href":"https:\/\/indmont.com\/en\/wp-json\/wp\/v2\/comments?post=4306"}],"version-history":[{"count":11,"href":"https:\/\/indmont.com\/en\/wp-json\/wp\/v2\/pages\/4306\/revisions"}],"predecessor-version":[{"id":6681,"href":"https:\/\/indmont.com\/en\/wp-json\/wp\/v2\/pages\/4306\/revisions\/6681"}],"wp:attachment":[{"href":"https:\/\/indmont.com\/en\/wp-json\/wp\/v2\/media?parent=4306"}],"curies":[{"name":"wp","href":"https:\/\/api.w.org\/{rel}","templated":true}]}}